{"id":100,"date":"2021-09-15T09:11:58","date_gmt":"2021-09-15T09:11:58","guid":{"rendered":"https:\/\/butile.com\/?page_id=100"},"modified":"2021-09-15T11:15:03","modified_gmt":"2021-09-15T11:15:03","slug":"faq","status":"publish","type":"page","link":"https:\/\/butile.com\/de\/faq\/","title":{"rendered":"FAQ"},"content":{"rendered":"\n<h1 class=\"wp-block-heading\" id=\"h-h-ufig-gestellte-fragen\"><meta charset=\"utf-8\">H\u00e4ufig gestellte Fragen<\/h1>\n\n\n\n<p>Hier finden Sie die h\u00e4ufigsten Fragen zur Butile Augenringe Creme beantwortet.<\/p>\n\n\n\n<hr class=\"wp-block-separator has-text-color has-background is-style-wide\" style=\"background-color:#eeeeee;color:#eeeeee\"\/>\n\n\n\t\t<section\t\thelp class=\"sc_fs_faq sc_card    \"\n\t\t\t\t>\n\t\t\t\t<h3>Ich habe Schwellungen unter den Augen, kann Butile auch diese Schwellung lindern?<\/h3>\t\t\t\t<div>\n\t\t\t\t\t\t<div class=\"sc_fs_faq__content\">\n\t\t\t\t\n\n<p>Bei regelm\u00e4\u00dfiger Anwendung des Produktes bei Schwellungen unter den Augen werden die Schwellungen innerhalb von 2 Monaten sichtbar reduziert.<\/p>\n\n\t\t\t<\/div>\n\t\t<\/div>\n\t\t<\/section>\n\t\t\t\t<section\t\thelp class=\"sc_fs_faq sc_card    \"\n\t\t\t\t>\n\t\t\t\t<h3>Beinhaltet Butile Hormone?<\/h3>\t\t\t\t<div>\n\t\t\t\t\t\t<div class=\"sc_fs_faq__content\">\n\t\t\t\t\n\n<p>Butile ist komplett Hormonfrei und beinhaltet somit keine Hormone.<\/p>\n\n\t\t\t<\/div>\n\t\t<\/div>\n\t\t<\/section>\n\t\t\t\t<section\t\thelp class=\"sc_fs_faq sc_card    \"\n\t\t\t\t>\n\t\t\t\t<h3>Ich f\u00fchle mich sehr unwohl mit blauen Flecken und Schwellungen unter den Augen. Ich sehe m\u00fcde und schwer aus. Ich m\u00f6chte nicht operiert werden. Kann Ihr Produkt die L\u00f6sung daf\u00fcr sein?<\/h3>\t\t\t\t<div>\n\t\t\t\t\t\t<div class=\"sc_fs_faq__content\">\n\t\t\t\t\n\n<p>Da wir Ihre Beschwerden nicht kennen, geben wir eine allgemeine Antwort. Unser Produkt hat eine klinische Studie zu Bluterg\u00fcssen und Schwellungen. Dies sollte Ihr Problem weitgehend reduzieren.<\/p>\n\n\t\t\t<\/div>\n\t\t<\/div>\n\t\t<\/section>\n\t\t\t\t<section\t\thelp class=\"sc_fs_faq sc_card    \"\n\t\t\t\t>\n\t\t\t\t<h3>Wie soll ich Butile anwenden? &#8211; Durch Massieren oder durch leichte Ber\u00fchrungen?<\/h3>\t\t\t\t<div>\n\t\t\t\t\t\t<div class=\"sc_fs_faq__content\">\n\t\t\t\t\n\n<p>Sie k\u00f6nnen das Produkt unter den Augen und um die Augen auftragen, indem Sie es 3 Minuten lang einmassieren.<\/p>\n\n\t\t\t<\/div>\n\t\t<\/div>\n\t\t<\/section>\n\t\t\t\t<section\t\thelp class=\"sc_fs_faq sc_card    \"\n\t\t\t\t>\n\t\t\t\t<h3>Wann sind meine Augenringe komplett weg &#8211; wenn ich Butile verwende?<\/h3>\t\t\t\t<div>\n\t\t\t\t\t\t<div class=\"sc_fs_faq__content\">\n\t\t\t\t\n\n<p>Dies variiert je nach Alter und Geschlecht. Bis die Augenringe zu 90% verschwunden sind, dauert es im durchschnitt 2-3 Monate. Wir empfehlen Butile mindestens 3 Monate zu verwenden, ab dem 2. Monat k\u00f6nnten Sie eine sichtbare Verbesserung feststellen.<\/p>\n\n\t\t\t<\/div>\n\t\t<\/div>\n\t\t<\/section>\n\t\t\n<script type=\"application\/ld+json\">\n\t{\n\t\t\"@context\": \"https:\/\/schema.org\",\n\t\t\"@type\": \"FAQPage\",\n\t\t\"mainEntity\": [\n\t\t\t\t\t{\n\t\t\t\t\"@type\": \"Question\",\n\t\t\t\t\"name\": \"Ich habe Schwellungen unter den Augen, kann Butile auch diese Schwellung lindern?\",\n\t\t\t\t\"acceptedAnswer\": {\n\t\t\t\t\t\"@type\": \"Answer\",\n\t\t\t\t\t\"text\": \"<p>Bei regelm\u00e4\u00dfiger Anwendung des Produktes bei Schwellungen unter den Augen werden die Schwellungen innerhalb von 2 Monaten sichtbar reduziert.<\/p>\"\n\t\t\t\t\t\t\t\t\t}\n\t\t\t}\n\t\t\t,\t\t\t\t{\n\t\t\t\t\"@type\": \"Question\",\n\t\t\t\t\"name\": \"Beinhaltet Butile Hormone?\",\n\t\t\t\t\"acceptedAnswer\": {\n\t\t\t\t\t\"@type\": \"Answer\",\n\t\t\t\t\t\"text\": \"<p>Butile ist komplett Hormonfrei und beinhaltet somit keine Hormone.<\/p>\"\n\t\t\t\t\t\t\t\t\t}\n\t\t\t}\n\t\t\t,\t\t\t\t{\n\t\t\t\t\"@type\": \"Question\",\n\t\t\t\t\"name\": \"Ich f\u00fchle mich sehr unwohl mit blauen Flecken und Schwellungen unter den Augen. Ich sehe m\u00fcde und schwer aus. Ich m\u00f6chte nicht operiert werden. Kann Ihr Produkt die L\u00f6sung daf\u00fcr sein?\",\n\t\t\t\t\"acceptedAnswer\": {\n\t\t\t\t\t\"@type\": \"Answer\",\n\t\t\t\t\t\"text\": \"<p>Da wir Ihre Beschwerden nicht kennen, geben wir eine allgemeine Antwort. Unser Produkt hat eine klinische Studie zu Bluterg\u00fcssen und Schwellungen. Dies sollte Ihr Problem weitgehend reduzieren.<\/p>\"\n\t\t\t\t\t\t\t\t\t}\n\t\t\t}\n\t\t\t,\t\t\t\t{\n\t\t\t\t\"@type\": \"Question\",\n\t\t\t\t\"name\": \"Wie soll ich Butile anwenden? - Durch Massieren oder durch leichte Ber\u00fchrungen?\",\n\t\t\t\t\"acceptedAnswer\": {\n\t\t\t\t\t\"@type\": \"Answer\",\n\t\t\t\t\t\"text\": \"<p>Sie k\u00f6nnen das Produkt unter den Augen und um die Augen auftragen, indem Sie es 3 Minuten lang einmassieren.<\/p>\"\n\t\t\t\t\t\t\t\t\t}\n\t\t\t}\n\t\t\t,\t\t\t\t{\n\t\t\t\t\"@type\": \"Question\",\n\t\t\t\t\"name\": \"Wann sind meine Augenringe komplett weg - wenn ich Butile verwende?\",\n\t\t\t\t\"acceptedAnswer\": {\n\t\t\t\t\t\"@type\": \"Answer\",\n\t\t\t\t\t\"text\": \"<p>Dies variiert je nach Alter und Geschlecht. Bis die Augenringe zu 90% verschwunden sind, dauert es im durchschnitt 2-3 Monate. Wir empfehlen Butile mindestens 3 Monate zu verwenden, ab dem 2. Monat k\u00f6nnten Sie eine sichtbare Verbesserung feststellen.<\/p>\"\n\t\t\t\t\t\t\t\t\t}\n\t\t\t}\n\t\t\t\t\t\t]\n\t}\n<\/script>\n\n\n\n<figure class=\"wp-block-gallery columns-3 is-cropped wp-block-gallery-1 is-layout-flex wp-block-gallery-is-layout-flex\"><ul class=\"blocks-gallery-grid\"><li class=\"blocks-gallery-item\"><figure><img loading=\"lazy\" decoding=\"async\" width=\"696\" height=\"673\" src=\"https:\/\/butile.com\/wp-content\/uploads\/2021\/09\/Augenringe-Creme-Butile-1.jpg\" alt=\"Creme-gegen-Augenringe\" data-id=\"90\" data-full-url=\"https:\/\/butile.com\/wp-content\/uploads\/2021\/09\/Augenringe-Creme-Butile-1.jpg\" data-link=\"https:\/\/butile.com\/?attachment_id=90\" class=\"wp-image-90\" srcset=\"https:\/\/butile.com\/wp-content\/uploads\/2021\/09\/Augenringe-Creme-Butile-1.jpg 696w, https:\/\/butile.com\/wp-content\/uploads\/2021\/09\/Augenringe-Creme-Butile-1-300x290.jpg 300w, https:\/\/butile.com\/wp-content\/uploads\/2021\/09\/Augenringe-Creme-Butile-1-12x12.jpg 12w, https:\/\/butile.com\/wp-content\/uploads\/2021\/09\/Augenringe-Creme-Butile-1-600x580.jpg 600w\" sizes=\"auto, (max-width: 696px) 100vw, 696px\" \/><\/figure><\/li><li class=\"blocks-gallery-item\"><figure><img loading=\"lazy\" decoding=\"async\" width=\"696\" height=\"673\" src=\"https:\/\/butile.com\/wp-content\/uploads\/2021\/09\/AugenringeCreme-1.jpg\" alt=\"Creme-gegen-Augenringe\" data-id=\"89\" data-full-url=\"https:\/\/butile.com\/wp-content\/uploads\/2021\/09\/AugenringeCreme-1.jpg\" data-link=\"https:\/\/butile.com\/?attachment_id=89\" class=\"wp-image-89\" srcset=\"https:\/\/butile.com\/wp-content\/uploads\/2021\/09\/AugenringeCreme-1.jpg 696w, https:\/\/butile.com\/wp-content\/uploads\/2021\/09\/AugenringeCreme-1-300x290.jpg 300w, https:\/\/butile.com\/wp-content\/uploads\/2021\/09\/AugenringeCreme-1-12x12.jpg 12w, https:\/\/butile.com\/wp-content\/uploads\/2021\/09\/AugenringeCreme-1-600x580.jpg 600w\" sizes=\"auto, (max-width: 696px) 100vw, 696px\" \/><\/figure><\/li><li class=\"blocks-gallery-item\"><figure><img loading=\"lazy\" decoding=\"async\" width=\"696\" height=\"673\" src=\"https:\/\/butile.com\/wp-content\/uploads\/2021\/09\/gegen-Augenringe-2.jpg\" alt=\"gegen-Augenringe\" data-id=\"92\" data-full-url=\"https:\/\/butile.com\/wp-content\/uploads\/2021\/09\/gegen-Augenringe-2.jpg\" data-link=\"https:\/\/butile.com\/?attachment_id=92\" class=\"wp-image-92\" srcset=\"https:\/\/butile.com\/wp-content\/uploads\/2021\/09\/gegen-Augenringe-2.jpg 696w, https:\/\/butile.com\/wp-content\/uploads\/2021\/09\/gegen-Augenringe-2-300x290.jpg 300w, https:\/\/butile.com\/wp-content\/uploads\/2021\/09\/gegen-Augenringe-2-12x12.jpg 12w, https:\/\/butile.com\/wp-content\/uploads\/2021\/09\/gegen-Augenringe-2-600x580.jpg 600w\" sizes=\"auto, (max-width: 696px) 100vw, 696px\" \/><\/figure><\/li><\/ul><\/figure>\n\n\n\n<div class=\"wp-block-buttons is-layout-flex wp-block-buttons-is-layout-flex\">\n<div class=\"wp-block-button has-custom-width wp-block-button__width-100\"><a class=\"wp-block-button__link has-white-color has-text-color has-background\" href=\"https:\/\/butile.com\/produkt\/butile-augenringe-creme\" style=\"background-color:#9cc0d0\">&gt; Hier zum Produkt<\/a><\/div>\n<\/div>\n","protected":false},"excerpt":{"rendered":"<p>H\u00e4ufig gestellte Fragen Hier finden Sie die h\u00e4ufigsten Fragen zur Butile Augenringe Creme beantwortet.<\/p>\n","protected":false},"author":1,"featured_media":0,"parent":0,"menu_order":0,"comment_status":"closed","ping_status":"closed","template":"","meta":{"_uag_custom_page_level_css":"","site-sidebar-layout":"right-sidebar","site-content-layout":"default","ast-site-content-layout":"default","site-content-style":"default","site-sidebar-style":"default","ast-global-header-display":"","ast-banner-title-visibility":"","ast-main-header-display":"","ast-hfb-above-header-display":"","ast-hfb-below-header-display":"","ast-hfb-mobile-header-display":"","site-post-title":"disabled","ast-breadcrumbs-content":"","ast-featured-img":"","footer-sml-layout":"","ast-disable-related-posts":"","theme-transparent-header-meta":"default","adv-header-id-meta":"","stick-header-meta":"default","header-above-stick-meta":"","header-main-stick-meta":"","header-below-stick-meta":"","astra-migrate-meta-layouts":"default","ast-page-background-enabled":"default","ast-page-background-meta":{"desktop":{"background-color":"","background-image":"","background-repeat":"repeat","background-position":"center center","background-size":"auto","background-attachment":"scroll","background-type":"","background-media":"","overlay-type":"","overlay-color":"","overlay-opacity":"","overlay-gradient":""},"tablet":{"background-color":"","background-image":"","background-repeat":"repeat","background-position":"center center","background-size":"auto","background-attachment":"scroll","background-type":"","background-media":"","overlay-type":"","overlay-color":"","overlay-opacity":"","overlay-gradient":""},"mobile":{"background-color":"","background-image":"","background-repeat":"repeat","background-position":"center center","background-size":"auto","background-attachment":"scroll","background-type":"","background-media":"","overlay-type":"","overlay-color":"","overlay-opacity":"","overlay-gradient":""}},"ast-content-background-meta":{"desktop":{"background-color":"var(--ast-global-color-5)","background-image":"","background-repeat":"repeat","background-position":"center center","background-size":"auto","background-attachment":"scroll","background-type":"","background-media":"","overlay-type":"","overlay-color":"","overlay-opacity":"","overlay-gradient":""},"tablet":{"background-color":"var(--ast-global-color-5)","background-image":"","background-repeat":"repeat","background-position":"center center","background-size":"auto","background-attachment":"scroll","background-type":"","background-media":"","overlay-type":"","overlay-color":"","overlay-opacity":"","overlay-gradient":""},"mobile":{"background-color":"var(--ast-global-color-5)","background-image":"","background-repeat":"repeat","background-position":"center center","background-size":"auto","background-attachment":"scroll","background-type":"","background-media":"","overlay-type":"","overlay-color":"","overlay-opacity":"","overlay-gradient":""}},"footnotes":""},"class_list":["post-100","page","type-page","status-publish","hentry"],"yoast_head":"<!-- This site is optimized with the Yoast SEO Premium plugin v17.5 (Yoast SEO v27.4) - https:\/\/yoast.com\/product\/yoast-seo-premium-wordpress\/ -->\n<title>H\u00e4ufig gestellte Fragen \u00fcber Butile: Alle antworten hier!<\/title>\n<meta name=\"description\" content=\"Hier finden Sie die h\u00e4ufigsten Fragen zur Butile Augenringe Creme beantwortet. Melden Sie sich gerne bei weiteren bedenken.\" \/>\n<meta name=\"robots\" content=\"noindex, follow, max-snippet:-1, max-image-preview:large, max-video-preview:-1\" \/>\n<meta property=\"og:locale\" content=\"de_DE\" \/>\n<meta property=\"og:type\" content=\"article\" \/>\n<meta property=\"og:title\" content=\"FAQ\" \/>\n<meta property=\"og:description\" content=\"Hier finden Sie die h\u00e4ufigsten Fragen zur Butile Augenringe Creme beantwortet. Melden Sie sich gerne bei weiteren bedenken.\" \/>\n<meta property=\"og:url\" content=\"https:\/\/butile.com\/de\/faq\/\" \/>\n<meta property=\"og:site_name\" content=\"Butile\" \/>\n<meta property=\"article:modified_time\" content=\"2021-09-15T11:15:03+00:00\" \/>\n<meta property=\"og:image\" content=\"https:\/\/butile.com\/wp-content\/uploads\/2021\/09\/Augenringe-Creme-Butile-1.jpg\" \/>\n<meta name=\"twitter:card\" content=\"summary_large_image\" \/>\n<meta name=\"twitter:label1\" content=\"Gesch\u00e4tzte Lesezeit\" \/>\n\t<meta name=\"twitter:data1\" content=\"2\u00a0Minuten\" \/>\n<script type=\"application\/ld+json\" class=\"yoast-schema-graph\">{\"@context\":\"https:\\\/\\\/schema.org\",\"@graph\":[{\"@type\":\"WebPage\",\"@id\":\"https:\\\/\\\/butile.com\\\/de\\\/faq\\\/\",\"url\":\"https:\\\/\\\/butile.com\\\/de\\\/faq\\\/\",\"name\":\"H\u00e4ufig gestellte Fragen \u00fcber Butile: Alle antworten hier!\",\"isPartOf\":{\"@id\":\"https:\\\/\\\/butile.com\\\/de\\\/#website\"},\"primaryImageOfPage\":{\"@id\":\"https:\\\/\\\/butile.com\\\/de\\\/faq\\\/#primaryimage\"},\"image\":{\"@id\":\"https:\\\/\\\/butile.com\\\/de\\\/faq\\\/#primaryimage\"},\"thumbnailUrl\":\"https:\\\/\\\/butile.com\\\/wp-content\\\/uploads\\\/2021\\\/09\\\/Augenringe-Creme-Butile-1.jpg\",\"datePublished\":\"2021-09-15T09:11:58+00:00\",\"dateModified\":\"2021-09-15T11:15:03+00:00\",\"description\":\"Hier finden Sie die h\u00e4ufigsten Fragen zur Butile Augenringe Creme beantwortet. Melden Sie sich gerne bei weiteren bedenken.\",\"breadcrumb\":{\"@id\":\"https:\\\/\\\/butile.com\\\/de\\\/faq\\\/#breadcrumb\"},\"inLanguage\":\"de\",\"potentialAction\":[{\"@type\":\"ReadAction\",\"target\":[\"https:\\\/\\\/butile.com\\\/de\\\/faq\\\/\"]}]},{\"@type\":\"ImageObject\",\"inLanguage\":\"de\",\"@id\":\"https:\\\/\\\/butile.com\\\/de\\\/faq\\\/#primaryimage\",\"url\":\"https:\\\/\\\/butile.com\\\/wp-content\\\/uploads\\\/2021\\\/09\\\/Augenringe-Creme-Butile-1.jpg\",\"contentUrl\":\"https:\\\/\\\/butile.com\\\/wp-content\\\/uploads\\\/2021\\\/09\\\/Augenringe-Creme-Butile-1.jpg\"},{\"@type\":\"BreadcrumbList\",\"@id\":\"https:\\\/\\\/butile.com\\\/de\\\/faq\\\/#breadcrumb\",\"itemListElement\":[{\"@type\":\"ListItem\",\"position\":1,\"name\":\"BUTILE\",\"item\":\"https:\\\/\\\/butile.com\\\/de\\\/\"},{\"@type\":\"ListItem\",\"position\":2,\"name\":\"FAQ\"}]},{\"@type\":\"WebSite\",\"@id\":\"https:\\\/\\\/butile.com\\\/de\\\/#website\",\"url\":\"https:\\\/\\\/butile.com\\\/de\\\/\",\"name\":\"Butile\",\"description\":\"Creme gegen Augenringe\",\"publisher\":{\"@id\":\"https:\\\/\\\/butile.com\\\/de\\\/#organization\"},\"potentialAction\":[{\"@type\":\"SearchAction\",\"target\":{\"@type\":\"EntryPoint\",\"urlTemplate\":\"https:\\\/\\\/butile.com\\\/de\\\/?s={search_term_string}\"},\"query-input\":{\"@type\":\"PropertyValueSpecification\",\"valueRequired\":true,\"valueName\":\"search_term_string\"}}],\"inLanguage\":\"de\"},{\"@type\":\"Organization\",\"@id\":\"https:\\\/\\\/butile.com\\\/de\\\/#organization\",\"name\":\"BUTILE\",\"url\":\"https:\\\/\\\/butile.com\\\/de\\\/\",\"logo\":{\"@type\":\"ImageObject\",\"inLanguage\":\"de\",\"@id\":\"https:\\\/\\\/butile.com\\\/de\\\/#\\\/schema\\\/logo\\\/image\\\/\",\"url\":\"https:\\\/\\\/butile.com\\\/wp-content\\\/uploads\\\/2021\\\/09\\\/cropped-Butile.png\",\"contentUrl\":\"https:\\\/\\\/butile.com\\\/wp-content\\\/uploads\\\/2021\\\/09\\\/cropped-Butile.png\",\"width\":213,\"height\":97,\"caption\":\"BUTILE\"},\"image\":{\"@id\":\"https:\\\/\\\/butile.com\\\/de\\\/#\\\/schema\\\/logo\\\/image\\\/\"},\"sameAs\":[\"https:\\\/\\\/www.instagram.com\\\/butile_official\\\/\"]}]}<\/script>\n<!-- \/ Yoast SEO Premium plugin. -->","yoast_head_json":{"title":"H\u00e4ufig gestellte Fragen \u00fcber Butile: Alle antworten hier!","description":"Hier finden Sie die h\u00e4ufigsten Fragen zur Butile Augenringe Creme beantwortet. Melden Sie sich gerne bei weiteren bedenken.","robots":{"index":"noindex","follow":"follow","max-snippet":"max-snippet:-1","max-image-preview":"max-image-preview:large","max-video-preview":"max-video-preview:-1"},"og_locale":"de_DE","og_type":"article","og_title":"FAQ","og_description":"Hier finden Sie die h\u00e4ufigsten Fragen zur Butile Augenringe Creme beantwortet. Melden Sie sich gerne bei weiteren bedenken.","og_url":"https:\/\/butile.com\/de\/faq\/","og_site_name":"Butile","article_modified_time":"2021-09-15T11:15:03+00:00","og_image":[{"url":"https:\/\/butile.com\/wp-content\/uploads\/2021\/09\/Augenringe-Creme-Butile-1.jpg","type":"","width":"","height":""}],"twitter_card":"summary_large_image","twitter_misc":{"Gesch\u00e4tzte Lesezeit":"2\u00a0Minuten"},"schema":{"@context":"https:\/\/schema.org","@graph":[{"@type":"WebPage","@id":"https:\/\/butile.com\/de\/faq\/","url":"https:\/\/butile.com\/de\/faq\/","name":"H\u00e4ufig gestellte Fragen \u00fcber Butile: Alle antworten hier!","isPartOf":{"@id":"https:\/\/butile.com\/de\/#website"},"primaryImageOfPage":{"@id":"https:\/\/butile.com\/de\/faq\/#primaryimage"},"image":{"@id":"https:\/\/butile.com\/de\/faq\/#primaryimage"},"thumbnailUrl":"https:\/\/butile.com\/wp-content\/uploads\/2021\/09\/Augenringe-Creme-Butile-1.jpg","datePublished":"2021-09-15T09:11:58+00:00","dateModified":"2021-09-15T11:15:03+00:00","description":"Hier finden Sie die h\u00e4ufigsten Fragen zur Butile Augenringe Creme beantwortet. Melden Sie sich gerne bei weiteren bedenken.","breadcrumb":{"@id":"https:\/\/butile.com\/de\/faq\/#breadcrumb"},"inLanguage":"de","potentialAction":[{"@type":"ReadAction","target":["https:\/\/butile.com\/de\/faq\/"]}]},{"@type":"ImageObject","inLanguage":"de","@id":"https:\/\/butile.com\/de\/faq\/#primaryimage","url":"https:\/\/butile.com\/wp-content\/uploads\/2021\/09\/Augenringe-Creme-Butile-1.jpg","contentUrl":"https:\/\/butile.com\/wp-content\/uploads\/2021\/09\/Augenringe-Creme-Butile-1.jpg"},{"@type":"BreadcrumbList","@id":"https:\/\/butile.com\/de\/faq\/#breadcrumb","itemListElement":[{"@type":"ListItem","position":1,"name":"BUTILE","item":"https:\/\/butile.com\/de\/"},{"@type":"ListItem","position":2,"name":"FAQ"}]},{"@type":"WebSite","@id":"https:\/\/butile.com\/de\/#website","url":"https:\/\/butile.com\/de\/","name":"Butile","description":"Creme gegen Augenringe","publisher":{"@id":"https:\/\/butile.com\/de\/#organization"},"potentialAction":[{"@type":"SearchAction","target":{"@type":"EntryPoint","urlTemplate":"https:\/\/butile.com\/de\/?s={search_term_string}"},"query-input":{"@type":"PropertyValueSpecification","valueRequired":true,"valueName":"search_term_string"}}],"inLanguage":"de"},{"@type":"Organization","@id":"https:\/\/butile.com\/de\/#organization","name":"BUTILE","url":"https:\/\/butile.com\/de\/","logo":{"@type":"ImageObject","inLanguage":"de","@id":"https:\/\/butile.com\/de\/#\/schema\/logo\/image\/","url":"https:\/\/butile.com\/wp-content\/uploads\/2021\/09\/cropped-Butile.png","contentUrl":"https:\/\/butile.com\/wp-content\/uploads\/2021\/09\/cropped-Butile.png","width":213,"height":97,"caption":"BUTILE"},"image":{"@id":"https:\/\/butile.com\/de\/#\/schema\/logo\/image\/"},"sameAs":["https:\/\/www.instagram.com\/butile_official\/"]}]}},"uagb_featured_image_src":{"full":false,"thumbnail":false,"medium":false,"medium_large":false,"large":false,"1536x1536":false,"2048x2048":false,"trp-custom-language-flag":false,"woocommerce_thumbnail":false,"woocommerce_single":false,"woocommerce_gallery_thumbnail":false},"uagb_author_info":{"display_name":"Kerem085","author_link":"https:\/\/butile.com\/de\/author\/kerem085\/"},"uagb_comment_info":0,"uagb_excerpt":"H\u00e4ufig gestellte Fragen Hier finden Sie die h\u00e4ufigsten Fragen zur Butile Augenringe Creme beantwortet.","_links":{"self":[{"href":"https:\/\/butile.com\/de\/wp-json\/wp\/v2\/pages\/100","targetHints":{"allow":["GET"]}}],"collection":[{"href":"https:\/\/butile.com\/de\/wp-json\/wp\/v2\/pages"}],"about":[{"href":"https:\/\/butile.com\/de\/wp-json\/wp\/v2\/types\/page"}],"author":[{"embeddable":true,"href":"https:\/\/butile.com\/de\/wp-json\/wp\/v2\/users\/1"}],"replies":[{"embeddable":true,"href":"https:\/\/butile.com\/de\/wp-json\/wp\/v2\/comments?post=100"}],"version-history":[{"count":5,"href":"https:\/\/butile.com\/de\/wp-json\/wp\/v2\/pages\/100\/revisions"}],"predecessor-version":[{"id":246,"href":"https:\/\/butile.com\/de\/wp-json\/wp\/v2\/pages\/100\/revisions\/246"}],"wp:attachment":[{"href":"https:\/\/butile.com\/de\/wp-json\/wp\/v2\/media?parent=100"}],"curies":[{"name":"wp","href":"https:\/\/api.w.org\/{rel}","templated":true}]}}