{"id":38,"date":"2021-09-15T07:37:42","date_gmt":"2021-09-15T07:37:42","guid":{"rendered":"https:\/\/butile.com\/?page_id=38"},"modified":"2021-09-15T11:06:03","modified_gmt":"2021-09-15T11:06:03","slug":"blog-sitemap","status":"publish","type":"page","link":"https:\/\/butile.com\/de\/blog-sitemap\/","title":{"rendered":"Blog-Sitemap"},"content":{"rendered":"\n<p>Hier finden Sie alle Beitr\u00e4ge rund um das Thema Augenringe und Tr\u00e4nens\u00e4cke, die wir in unserem Blog geschrieben haben. Schauen Sie sich in Ruhe um, es wird auch f\u00fcr Sie etwas Spannendes dabei sein.<\/p>\n\n\n<div class=\"wsp-container\"><h2 class=\"wsp-posts-title\">Beitr\u00e4ge nach Kategorie<\/h2>\n<ul class=\"wsp-posts-list\">\n\t<li><strong class=\"wsp-category-title\">Kategorie: <a href=\"https:\/\/butile.com\/de\/category\/behandlung\/\">Behandlung<\/a><\/strong>\n<ul class=\"wsp-posts-list\">\t\t<li class=\"wsp-post\"><a href=\"https:\/\/butile.com\/de\/augenringe-maenner\/\">Augenringe M\u00e4nner: Was kann ich gegen Augenringe tun?<\/a><\/li>\n\t\t<li class=\"wsp-post\"><a href=\"https:\/\/butile.com\/de\/traenensaecke-geschwollen\/\">Tr\u00e4nens\u00e4cke geschwollen &#8211; Was sind die Ursachen und was tun?<\/a><\/li>\n<\/ul><\/li>\n\t<li><strong class=\"wsp-category-title\">Kategorie: <a href=\"https:\/\/butile.com\/de\/category\/gesundheit\/\">Gesundheit<\/a><\/strong>\n<ul class=\"wsp-posts-list\">\t\t<li class=\"wsp-post\"><a href=\"https:\/\/butile.com\/de\/blaue-augenringe\/\">Blaue Augenringe unter den Augen<\/a><\/li>\n\t\t<li class=\"wsp-post\"><a href=\"https:\/\/butile.com\/de\/dunkle-augenringe\/\">Dunkle Augenringe und wie man sie loswird!<\/a><\/li>\n<\/ul><\/li>\n<\/ul>\n<\/div>\n","protected":false},"excerpt":{"rendered":"<p>Hier finden Sie alle Beitr\u00e4ge rund um das Thema Augenringe und Tr\u00e4nens\u00e4cke, die wir in unserem Blog geschrieben haben. Schauen Sie sich in Ruhe um, es wird auch f\u00fcr Sie [&hellip;]<\/p>\n","protected":false},"author":1,"featured_media":0,"parent":0,"menu_order":0,"comment_status":"closed","ping_status":"closed","template":"","meta":{"_uag_custom_page_level_css":"","site-sidebar-layout":"default","site-content-layout":"default","ast-site-content-layout":"default","site-content-style":"default","site-sidebar-style":"default","ast-global-header-display":"","ast-banner-title-visibility":"","ast-main-header-display":"","ast-hfb-above-header-display":"","ast-hfb-below-header-display":"","ast-hfb-mobile-header-display":"","site-post-title":"","ast-breadcrumbs-content":"","ast-featured-img":"","footer-sml-layout":"","ast-disable-related-posts":"","theme-transparent-header-meta":"default","adv-header-id-meta":"","stick-header-meta":"default","header-above-stick-meta":"","header-main-stick-meta":"","header-below-stick-meta":"","astra-migrate-meta-layouts":"default","ast-page-background-enabled":"default","ast-page-background-meta":{"desktop":{"background-color":"","background-image":"","background-repeat":"repeat","background-position":"center center","background-size":"auto","background-attachment":"scroll","background-type":"","background-media":"","overlay-type":"","overlay-color":"","overlay-opacity":"","overlay-gradient":""},"tablet":{"background-color":"","background-image":"","background-repeat":"repeat","background-position":"center center","background-size":"auto","background-attachment":"scroll","background-type":"","background-media":"","overlay-type":"","overlay-color":"","overlay-opacity":"","overlay-gradient":""},"mobile":{"background-color":"","background-image":"","background-repeat":"repeat","background-position":"center center","background-size":"auto","background-attachment":"scroll","background-type":"","background-media":"","overlay-type":"","overlay-color":"","overlay-opacity":"","overlay-gradient":""}},"ast-content-background-meta":{"desktop":{"background-color":"var(--ast-global-color-5)","background-image":"","background-repeat":"repeat","background-position":"center center","background-size":"auto","background-attachment":"scroll","background-type":"","background-media":"","overlay-type":"","overlay-color":"","overlay-opacity":"","overlay-gradient":""},"tablet":{"background-color":"var(--ast-global-color-5)","background-image":"","background-repeat":"repeat","background-position":"center center","background-size":"auto","background-attachment":"scroll","background-type":"","background-media":"","overlay-type":"","overlay-color":"","overlay-opacity":"","overlay-gradient":""},"mobile":{"background-color":"var(--ast-global-color-5)","background-image":"","background-repeat":"repeat","background-position":"center center","background-size":"auto","background-attachment":"scroll","background-type":"","background-media":"","overlay-type":"","overlay-color":"","overlay-opacity":"","overlay-gradient":""}},"footnotes":""},"class_list":["post-38","page","type-page","status-publish","hentry"],"yoast_head":"<!-- This site is optimized with the Yoast SEO Premium plugin v17.5 (Yoast SEO v27.4) - https:\/\/yoast.com\/product\/yoast-seo-premium-wordpress\/ -->\n<title>Blog-Sitemap - Butile<\/title>\n<meta name=\"robots\" content=\"noindex, follow\" \/>\n<meta property=\"og:locale\" content=\"de_DE\" \/>\n<meta property=\"og:type\" content=\"article\" \/>\n<meta property=\"og:title\" content=\"Blog-Sitemap\" \/>\n<meta property=\"og:description\" content=\"Hier finden Sie alle Beitr\u00e4ge rund um das Thema Augenringe und Tr\u00e4nens\u00e4cke, die wir in unserem Blog geschrieben haben. Schauen Sie sich in Ruhe um, es wird auch f\u00fcr Sie [&hellip;]\" \/>\n<meta property=\"og:url\" content=\"https:\/\/butile.com\/de\/blog-sitemap\/\" \/>\n<meta property=\"og:site_name\" content=\"Butile\" \/>\n<meta property=\"article:modified_time\" content=\"2021-09-15T11:06:03+00:00\" \/>\n<meta name=\"twitter:card\" content=\"summary_large_image\" \/>\n<meta name=\"twitter:label1\" content=\"Gesch\u00e4tzte Lesezeit\" \/>\n\t<meta name=\"twitter:data1\" content=\"1\u00a0Minute\" \/>\n<script type=\"application\/ld+json\" class=\"yoast-schema-graph\">{\"@context\":\"https:\\\/\\\/schema.org\",\"@graph\":[{\"@type\":\"WebPage\",\"@id\":\"https:\\\/\\\/butile.com\\\/de\\\/blog-sitemap\\\/\",\"url\":\"https:\\\/\\\/butile.com\\\/de\\\/blog-sitemap\\\/\",\"name\":\"Blog-Sitemap - Butile\",\"isPartOf\":{\"@id\":\"https:\\\/\\\/butile.com\\\/de\\\/#website\"},\"datePublished\":\"2021-09-15T07:37:42+00:00\",\"dateModified\":\"2021-09-15T11:06:03+00:00\",\"breadcrumb\":{\"@id\":\"https:\\\/\\\/butile.com\\\/de\\\/blog-sitemap\\\/#breadcrumb\"},\"inLanguage\":\"de\",\"potentialAction\":[{\"@type\":\"ReadAction\",\"target\":[\"https:\\\/\\\/butile.com\\\/de\\\/blog-sitemap\\\/\"]}]},{\"@type\":\"BreadcrumbList\",\"@id\":\"https:\\\/\\\/butile.com\\\/de\\\/blog-sitemap\\\/#breadcrumb\",\"itemListElement\":[{\"@type\":\"ListItem\",\"position\":1,\"name\":\"BUTILE\",\"item\":\"https:\\\/\\\/butile.com\\\/de\\\/\"},{\"@type\":\"ListItem\",\"position\":2,\"name\":\"Blog-Sitemap\"}]},{\"@type\":\"WebSite\",\"@id\":\"https:\\\/\\\/butile.com\\\/de\\\/#website\",\"url\":\"https:\\\/\\\/butile.com\\\/de\\\/\",\"name\":\"Butile\",\"description\":\"Creme gegen Augenringe\",\"publisher\":{\"@id\":\"https:\\\/\\\/butile.com\\\/de\\\/#organization\"},\"potentialAction\":[{\"@type\":\"SearchAction\",\"target\":{\"@type\":\"EntryPoint\",\"urlTemplate\":\"https:\\\/\\\/butile.com\\\/de\\\/?s={search_term_string}\"},\"query-input\":{\"@type\":\"PropertyValueSpecification\",\"valueRequired\":true,\"valueName\":\"search_term_string\"}}],\"inLanguage\":\"de\"},{\"@type\":\"Organization\",\"@id\":\"https:\\\/\\\/butile.com\\\/de\\\/#organization\",\"name\":\"BUTILE\",\"url\":\"https:\\\/\\\/butile.com\\\/de\\\/\",\"logo\":{\"@type\":\"ImageObject\",\"inLanguage\":\"de\",\"@id\":\"https:\\\/\\\/butile.com\\\/de\\\/#\\\/schema\\\/logo\\\/image\\\/\",\"url\":\"https:\\\/\\\/butile.com\\\/wp-content\\\/uploads\\\/2021\\\/09\\\/cropped-Butile.png\",\"contentUrl\":\"https:\\\/\\\/butile.com\\\/wp-content\\\/uploads\\\/2021\\\/09\\\/cropped-Butile.png\",\"width\":213,\"height\":97,\"caption\":\"BUTILE\"},\"image\":{\"@id\":\"https:\\\/\\\/butile.com\\\/de\\\/#\\\/schema\\\/logo\\\/image\\\/\"},\"sameAs\":[\"https:\\\/\\\/www.instagram.com\\\/butile_official\\\/\"]}]}<\/script>\n<!-- \/ Yoast SEO Premium plugin. -->","yoast_head_json":{"title":"Blog-Sitemap - Butile","robots":{"index":"noindex","follow":"follow"},"og_locale":"de_DE","og_type":"article","og_title":"Blog-Sitemap","og_description":"Hier finden Sie alle Beitr\u00e4ge rund um das Thema Augenringe und Tr\u00e4nens\u00e4cke, die wir in unserem Blog geschrieben haben. Schauen Sie sich in Ruhe um, es wird auch f\u00fcr Sie [&hellip;]","og_url":"https:\/\/butile.com\/de\/blog-sitemap\/","og_site_name":"Butile","article_modified_time":"2021-09-15T11:06:03+00:00","twitter_card":"summary_large_image","twitter_misc":{"Gesch\u00e4tzte Lesezeit":"1\u00a0Minute"},"schema":{"@context":"https:\/\/schema.org","@graph":[{"@type":"WebPage","@id":"https:\/\/butile.com\/de\/blog-sitemap\/","url":"https:\/\/butile.com\/de\/blog-sitemap\/","name":"Blog-Sitemap - Butile","isPartOf":{"@id":"https:\/\/butile.com\/de\/#website"},"datePublished":"2021-09-15T07:37:42+00:00","dateModified":"2021-09-15T11:06:03+00:00","breadcrumb":{"@id":"https:\/\/butile.com\/de\/blog-sitemap\/#breadcrumb"},"inLanguage":"de","potentialAction":[{"@type":"ReadAction","target":["https:\/\/butile.com\/de\/blog-sitemap\/"]}]},{"@type":"BreadcrumbList","@id":"https:\/\/butile.com\/de\/blog-sitemap\/#breadcrumb","itemListElement":[{"@type":"ListItem","position":1,"name":"BUTILE","item":"https:\/\/butile.com\/de\/"},{"@type":"ListItem","position":2,"name":"Blog-Sitemap"}]},{"@type":"WebSite","@id":"https:\/\/butile.com\/de\/#website","url":"https:\/\/butile.com\/de\/","name":"Butile","description":"Creme gegen Augenringe","publisher":{"@id":"https:\/\/butile.com\/de\/#organization"},"potentialAction":[{"@type":"SearchAction","target":{"@type":"EntryPoint","urlTemplate":"https:\/\/butile.com\/de\/?s={search_term_string}"},"query-input":{"@type":"PropertyValueSpecification","valueRequired":true,"valueName":"search_term_string"}}],"inLanguage":"de"},{"@type":"Organization","@id":"https:\/\/butile.com\/de\/#organization","name":"BUTILE","url":"https:\/\/butile.com\/de\/","logo":{"@type":"ImageObject","inLanguage":"de","@id":"https:\/\/butile.com\/de\/#\/schema\/logo\/image\/","url":"https:\/\/butile.com\/wp-content\/uploads\/2021\/09\/cropped-Butile.png","contentUrl":"https:\/\/butile.com\/wp-content\/uploads\/2021\/09\/cropped-Butile.png","width":213,"height":97,"caption":"BUTILE"},"image":{"@id":"https:\/\/butile.com\/de\/#\/schema\/logo\/image\/"},"sameAs":["https:\/\/www.instagram.com\/butile_official\/"]}]}},"uagb_featured_image_src":{"full":false,"thumbnail":false,"medium":false,"medium_large":false,"large":false,"1536x1536":false,"2048x2048":false,"trp-custom-language-flag":false,"woocommerce_thumbnail":false,"woocommerce_single":false,"woocommerce_gallery_thumbnail":false},"uagb_author_info":{"display_name":"Kerem085","author_link":"https:\/\/butile.com\/de\/author\/kerem085\/"},"uagb_comment_info":0,"uagb_excerpt":"Hier finden Sie alle Beitr\u00e4ge rund um das Thema Augenringe und Tr\u00e4nens\u00e4cke, die wir in unserem Blog geschrieben haben. Schauen Sie sich in Ruhe um, es wird auch f\u00fcr Sie [&hellip;]","_links":{"self":[{"href":"https:\/\/butile.com\/de\/wp-json\/wp\/v2\/pages\/38","targetHints":{"allow":["GET"]}}],"collection":[{"href":"https:\/\/butile.com\/de\/wp-json\/wp\/v2\/pages"}],"about":[{"href":"https:\/\/butile.com\/de\/wp-json\/wp\/v2\/types\/page"}],"author":[{"embeddable":true,"href":"https:\/\/butile.com\/de\/wp-json\/wp\/v2\/users\/1"}],"replies":[{"embeddable":true,"href":"https:\/\/butile.com\/de\/wp-json\/wp\/v2\/comments?post=38"}],"version-history":[{"count":1,"href":"https:\/\/butile.com\/de\/wp-json\/wp\/v2\/pages\/38\/revisions"}],"predecessor-version":[{"id":39,"href":"https:\/\/butile.com\/de\/wp-json\/wp\/v2\/pages\/38\/revisions\/39"}],"wp:attachment":[{"href":"https:\/\/butile.com\/de\/wp-json\/wp\/v2\/media?parent=38"}],"curies":[{"name":"wp","href":"https:\/\/api.w.org\/{rel}","templated":true}]}}