{"id":88,"date":"2021-09-15T09:05:28","date_gmt":"2021-09-15T09:05:28","guid":{"rendered":"https:\/\/butile.com\/?post_type=product&#038;p=88"},"modified":"2022-01-17T14:19:56","modified_gmt":"2022-01-17T14:19:56","slug":"butile-augenringe-creme","status":"publish","type":"product","link":"https:\/\/butile.com\/de\/produkt\/butile-augenringe-creme\/","title":{"rendered":"Butile &#8211; Augenringe Creme"},"content":{"rendered":"<h2 class=\"p1\"><b>Anwendung: <\/b><\/h2>\n<p class=\"p1\">Tragen Sie eine kleine Menge Creme auf die gereinigte Haut um die Augen auf, indem Sie morgens und abends in kreisenden Bewegungen massieren.<\/p>\n<h2>Vorher\/Nachher:<\/h2>\n<p>Bilder <em>Neu<\/em> \u2013 Fotos an info@butile.de<\/p>\n<p>&nbsp;<\/p>\n<p><img loading=\"lazy\" decoding=\"async\" class=\"size-medium wp-image-198\" src=\"https:\/\/butile.com\/wp-content\/uploads\/2021\/10\/Augenringe-04-300x290.jpg\" alt=\"Butile\" width=\"300\" height=\"290\" srcset=\"https:\/\/butile.com\/wp-content\/uploads\/2021\/10\/Augenringe-04-300x290.jpg 300w, https:\/\/butile.com\/wp-content\/uploads\/2021\/10\/Augenringe-04-12x12.jpg 12w, https:\/\/butile.com\/wp-content\/uploads\/2021\/10\/Augenringe-04.jpg 600w\" sizes=\"auto, (max-width: 300px) 100vw, 300px\" \/><\/p>\n<p><img loading=\"lazy\" decoding=\"async\" class=\"size-medium wp-image-194\" src=\"https:\/\/butile.com\/wp-content\/uploads\/2021\/10\/Augenringe-01-300x290.jpg\" alt=\"Butile-Erfahrungen\" width=\"300\" height=\"290\" srcset=\"https:\/\/butile.com\/wp-content\/uploads\/2021\/10\/Augenringe-01-300x290.jpg 300w, https:\/\/butile.com\/wp-content\/uploads\/2021\/10\/Augenringe-01-12x12.jpg 12w, https:\/\/butile.com\/wp-content\/uploads\/2021\/10\/Augenringe-01.jpg 600w\" sizes=\"auto, (max-width: 300px) 100vw, 300px\" \/><\/p>\n<p><img loading=\"lazy\" decoding=\"async\" class=\"size-medium wp-image-192\" src=\"https:\/\/butile.com\/wp-content\/uploads\/2021\/10\/002-300x290.jpg\" alt=\"Augenringe\" width=\"300\" height=\"290\" srcset=\"https:\/\/butile.com\/wp-content\/uploads\/2021\/10\/002-300x290.jpg 300w, https:\/\/butile.com\/wp-content\/uploads\/2021\/10\/002-12x12.jpg 12w, https:\/\/butile.com\/wp-content\/uploads\/2021\/10\/002.jpg 600w\" sizes=\"auto, (max-width: 300px) 100vw, 300px\" \/><\/p>\n<p><img loading=\"lazy\" decoding=\"async\" class=\"size-medium wp-image-196\" src=\"https:\/\/butile.com\/wp-content\/uploads\/2021\/10\/Augenringe-03-300x290.jpg\" alt=\"Butile-Erfahrungen\" width=\"300\" height=\"290\" srcset=\"https:\/\/butile.com\/wp-content\/uploads\/2021\/10\/Augenringe-03-300x290.jpg 300w, https:\/\/butile.com\/wp-content\/uploads\/2021\/10\/Augenringe-03-12x12.jpg 12w, https:\/\/butile.com\/wp-content\/uploads\/2021\/10\/Augenringe-03.jpg 600w\" sizes=\"auto, (max-width: 300px) 100vw, 300px\" \/><\/p>\n<p><img loading=\"lazy\" decoding=\"async\" class=\"size-medium wp-image-199\" src=\"https:\/\/butile.com\/wp-content\/uploads\/2021\/10\/Augenringe-05-300x290.jpg\" alt=\"Augenringe\" width=\"300\" height=\"290\" srcset=\"https:\/\/butile.com\/wp-content\/uploads\/2021\/10\/Augenringe-05-300x290.jpg 300w, https:\/\/butile.com\/wp-content\/uploads\/2021\/10\/Augenringe-05-12x12.jpg 12w, https:\/\/butile.com\/wp-content\/uploads\/2021\/10\/Augenringe-05-600x580.jpg 600w, https:\/\/butile.com\/wp-content\/uploads\/2021\/10\/Augenringe-05.jpg 696w\" sizes=\"auto, (max-width: 300px) 100vw, 300px\" \/><\/p>\n<p>&nbsp;<\/p>\n<p>&nbsp;<\/p>\n<p>&nbsp;<\/p>\n<p>&nbsp;<\/p>\n<h3><\/h3>\n<h3 class=\"p1\"><b>Inhaltsstoffe:<\/b><\/h3>\n<p class=\"p1\">aqua, adansonia digitata pulp extract, ruscus aculeatus root extract, calendula officinalis extract, arnica montana extract, corylus avellana seed extract, theobroma cacao extract, squalane, centella asiatica extract, glycyrrhiza glabra root extract, aesculus hippocastanum extract, helichrysum italicum extract, caffeine, cocos nucifera fruit extract, opuntia ficus-indica extract, parfum, xanthan gum, hyaluronic acid, niacinamide, phenoxyethanol, ethylhexylglycerin.<\/p>\n","protected":false},"excerpt":{"rendered":"<p class=\"p1\">Creme gegen Augenringe 20ml.<\/p>\n<ul>\n<li>F\u00fcr Frauen &amp; M\u00e4nner<\/li>\n<li>Gegen Augenringe<\/li>\n<li>Gegen Tr\u00e4nens\u00e4cke<\/li>\n<li><strong>Ohne Hormone<\/strong><\/li>\n<li>Mit hochwertigem Niacinamid<\/li>\n<\/ul>\n<p><img loading=\"lazy\" decoding=\"async\" class=\"wp-image-42 \" src=\"https:\/\/butile.com\/wp-content\/uploads\/2021\/09\/Logoss.jpg\" alt=\"Test\" width=\"340\" height=\"30\" srcset=\"https:\/\/butile.com\/wp-content\/uploads\/2021\/09\/Logoss.jpg 941w, https:\/\/butile.com\/wp-content\/uploads\/2021\/09\/Logoss-300x26.jpg 300w, https:\/\/butile.com\/wp-content\/uploads\/2021\/09\/Logoss-768x68.jpg 768w, https:\/\/butile.com\/wp-content\/uploads\/2021\/09\/Logoss-18x2.jpg 18w, https:\/\/butile.com\/wp-content\/uploads\/2021\/09\/Logoss-600x53.jpg 600w\" sizes=\"auto, (max-width: 340px) 100vw, 340px\" \/><\/p>\n<p><img loading=\"lazy\" decoding=\"async\" class=\" wp-image-45\" src=\"https:\/\/butile.com\/wp-content\/uploads\/2021\/09\/Augenringe-Test.jpg\" alt=\"Augenringe-Test\" width=\"101\" height=\"101\" srcset=\"https:\/\/butile.com\/wp-content\/uploads\/2021\/09\/Augenringe-Test.jpg 230w, https:\/\/butile.com\/wp-content\/uploads\/2021\/09\/Augenringe-Test-150x150.jpg 150w, https:\/\/butile.com\/wp-content\/uploads\/2021\/09\/Augenringe-Test-12x12.jpg 12w, https:\/\/butile.com\/wp-content\/uploads\/2021\/09\/Augenringe-Test-100x100.jpg 100w\" sizes=\"auto, (max-width: 101px) 100vw, 101px\" \/><\/p>\n","protected":false},"featured_media":180,"template":"","meta":{"_uag_custom_page_level_css":"","site-sidebar-layout":"default","site-content-layout":"default","ast-site-content-layout":"default","site-content-style":"default","site-sidebar-style":"default","ast-global-header-display":"","ast-banner-title-visibility":"","ast-main-header-display":"","ast-hfb-above-header-display":"","ast-hfb-below-header-display":"","ast-hfb-mobile-header-display":"","site-post-title":"","ast-breadcrumbs-content":"","ast-featured-img":"","footer-sml-layout":"","ast-disable-related-posts":"","theme-transparent-header-meta":"default","adv-header-id-meta":"","stick-header-meta":"default","header-above-stick-meta":"","header-main-stick-meta":"","header-below-stick-meta":"","astra-migrate-meta-layouts":"default","ast-page-background-enabled":"default","ast-page-background-meta":{"desktop":{"background-color":"","background-image":"","background-repeat":"repeat","background-position":"center center","background-size":"auto","background-attachment":"scroll","background-type":"","background-media":"","overlay-type":"","overlay-color":"","overlay-opacity":"","overlay-gradient":""},"tablet":{"background-color":"","background-image":"","background-repeat":"repeat","background-position":"center center","background-size":"auto","background-attachment":"scroll","background-type":"","background-media":"","overlay-type":"","overlay-color":"","overlay-opacity":"","overlay-gradient":""},"mobile":{"background-color":"","background-image":"","background-repeat":"repeat","background-position":"center center","background-size":"auto","background-attachment":"scroll","background-type":"","background-media":"","overlay-type":"","overlay-color":"","overlay-opacity":"","overlay-gradient":""}},"ast-content-background-meta":{"desktop":{"background-color":"var(--ast-global-color-5)","background-image":"","background-repeat":"repeat","background-position":"center center","background-size":"auto","background-attachment":"scroll","background-type":"","background-media":"","overlay-type":"","overlay-color":"","overlay-opacity":"","overlay-gradient":""},"tablet":{"background-color":"var(--ast-global-color-5)","background-image":"","background-repeat":"repeat","background-position":"center center","background-size":"auto","background-attachment":"scroll","background-type":"","background-media":"","overlay-type":"","overlay-color":"","overlay-opacity":"","overlay-gradient":""},"mobile":{"background-color":"var(--ast-global-color-5)","background-image":"","background-repeat":"repeat","background-position":"center center","background-size":"auto","background-attachment":"scroll","background-type":"","background-media":"","overlay-type":"","overlay-color":"","overlay-opacity":"","overlay-gradient":""}}},"product_brand":[],"product_cat":[15],"product_tag":[],"class_list":{"0":"post-88","1":"product","2":"type-product","3":"status-publish","4":"has-post-thumbnail","6":"product_cat-unkategorisiert","7":"desktop-align-left","8":"tablet-align-left","9":"mobile-align-left","10":"ast-product-gallery-layout-horizontal","11":"ast-magnify-disabled","12":"ast-product-tabs-layout-horizontal","13":"ast-qv-on-image","15":"first","16":"outofstock","17":"sale","18":"taxable","19":"shipping-taxable","20":"purchasable","21":"product-type-simple"},"yoast_head":"<!-- This site is optimized with the Yoast SEO Premium plugin v17.5 (Yoast SEO v27.4) - https:\/\/yoast.com\/product\/yoast-seo-premium-wordpress\/ -->\n<title>Butile - Augenringe Creme - Butile<\/title>\n<meta name=\"robots\" content=\"noindex, follow, max-snippet:-1, max-image-preview:large, max-video-preview:-1\" \/>\n<meta property=\"og:locale\" content=\"de_DE\" \/>\n<meta property=\"og:type\" content=\"article\" \/>\n<meta property=\"og:title\" content=\"Butile - Augenringe Creme\" \/>\n<meta property=\"og:description\" content=\"Creme gegen Augenringe 20ml.    F\u00fcr Frauen &amp; M\u00e4nner  Gegen Augenringe  Gegen Tr\u00e4nens\u00e4cke  Ohne Hormone  Mit hochwertigem Niacinamid\" \/>\n<meta property=\"og:url\" content=\"https:\/\/butile.com\/de\/produkt\/butile-augenringe-creme\/\" \/>\n<meta property=\"og:site_name\" content=\"Butile\" \/>\n<meta property=\"article:modified_time\" content=\"2022-01-17T14:19:56+00:00\" \/>\n<meta property=\"og:image\" content=\"https:\/\/butile.com\/wp-content\/uploads\/2021\/09\/Augenringe-Creme-Butile-2.jpg\" \/>\n\t<meta property=\"og:image:width\" content=\"800\" \/>\n\t<meta property=\"og:image:height\" content=\"960\" \/>\n\t<meta property=\"og:image:type\" content=\"image\/jpeg\" \/>\n<meta name=\"twitter:card\" content=\"summary_large_image\" \/>\n<meta name=\"twitter:label1\" content=\"Gesch\u00e4tzte Lesezeit\" \/>\n\t<meta name=\"twitter:data1\" content=\"2\u00a0Minuten\" \/>\n<script type=\"application\/ld+json\" class=\"yoast-schema-graph\">{\"@context\":\"https:\\\/\\\/schema.org\",\"@graph\":[{\"@type\":\"WebPage\",\"@id\":\"https:\\\/\\\/butile.com\\\/de\\\/produkt\\\/butile-augenringe-creme\\\/\",\"url\":\"https:\\\/\\\/butile.com\\\/de\\\/produkt\\\/butile-augenringe-creme\\\/\",\"name\":\"Butile - Augenringe Creme - Butile\",\"isPartOf\":{\"@id\":\"https:\\\/\\\/butile.com\\\/de\\\/#website\"},\"primaryImageOfPage\":{\"@id\":\"https:\\\/\\\/butile.com\\\/de\\\/produkt\\\/butile-augenringe-creme\\\/#primaryimage\"},\"image\":{\"@id\":\"https:\\\/\\\/butile.com\\\/de\\\/produkt\\\/butile-augenringe-creme\\\/#primaryimage\"},\"thumbnailUrl\":\"https:\\\/\\\/butile.com\\\/wp-content\\\/uploads\\\/2021\\\/09\\\/Augenringe-Creme-Butile-2.jpg\",\"datePublished\":\"2021-09-15T09:05:28+00:00\",\"dateModified\":\"2022-01-17T14:19:56+00:00\",\"breadcrumb\":{\"@id\":\"https:\\\/\\\/butile.com\\\/de\\\/produkt\\\/butile-augenringe-creme\\\/#breadcrumb\"},\"inLanguage\":\"de\",\"potentialAction\":[{\"@type\":\"ReadAction\",\"target\":[\"https:\\\/\\\/butile.com\\\/de\\\/produkt\\\/butile-augenringe-creme\\\/\"]}]},{\"@type\":\"ImageObject\",\"inLanguage\":\"de\",\"@id\":\"https:\\\/\\\/butile.com\\\/de\\\/produkt\\\/butile-augenringe-creme\\\/#primaryimage\",\"url\":\"https:\\\/\\\/butile.com\\\/wp-content\\\/uploads\\\/2021\\\/09\\\/Augenringe-Creme-Butile-2.jpg\",\"contentUrl\":\"https:\\\/\\\/butile.com\\\/wp-content\\\/uploads\\\/2021\\\/09\\\/Augenringe-Creme-Butile-2.jpg\",\"width\":800,\"height\":960,\"caption\":\"Butile\"},{\"@type\":\"BreadcrumbList\",\"@id\":\"https:\\\/\\\/butile.com\\\/de\\\/produkt\\\/butile-augenringe-creme\\\/#breadcrumb\",\"itemListElement\":[{\"@type\":\"ListItem\",\"position\":1,\"name\":\"BUTILE\",\"item\":\"https:\\\/\\\/butile.com\\\/de\\\/\"},{\"@type\":\"ListItem\",\"position\":2,\"name\":\"Shop\",\"item\":\"https:\\\/\\\/butile.com\\\/de\\\/shop\\\/\"},{\"@type\":\"ListItem\",\"position\":3,\"name\":\"Butile &#8211; Augenringe Creme\"}]},{\"@type\":\"WebSite\",\"@id\":\"https:\\\/\\\/butile.com\\\/de\\\/#website\",\"url\":\"https:\\\/\\\/butile.com\\\/de\\\/\",\"name\":\"Butile\",\"description\":\"Creme gegen Augenringe\",\"publisher\":{\"@id\":\"https:\\\/\\\/butile.com\\\/de\\\/#organization\"},\"potentialAction\":[{\"@type\":\"SearchAction\",\"target\":{\"@type\":\"EntryPoint\",\"urlTemplate\":\"https:\\\/\\\/butile.com\\\/de\\\/?s={search_term_string}\"},\"query-input\":{\"@type\":\"PropertyValueSpecification\",\"valueRequired\":true,\"valueName\":\"search_term_string\"}}],\"inLanguage\":\"de\"},{\"@type\":\"Organization\",\"@id\":\"https:\\\/\\\/butile.com\\\/de\\\/#organization\",\"name\":\"BUTILE\",\"url\":\"https:\\\/\\\/butile.com\\\/de\\\/\",\"logo\":{\"@type\":\"ImageObject\",\"inLanguage\":\"de\",\"@id\":\"https:\\\/\\\/butile.com\\\/de\\\/#\\\/schema\\\/logo\\\/image\\\/\",\"url\":\"https:\\\/\\\/butile.com\\\/wp-content\\\/uploads\\\/2021\\\/09\\\/cropped-Butile.png\",\"contentUrl\":\"https:\\\/\\\/butile.com\\\/wp-content\\\/uploads\\\/2021\\\/09\\\/cropped-Butile.png\",\"width\":213,\"height\":97,\"caption\":\"BUTILE\"},\"image\":{\"@id\":\"https:\\\/\\\/butile.com\\\/de\\\/#\\\/schema\\\/logo\\\/image\\\/\"},\"sameAs\":[\"https:\\\/\\\/www.instagram.com\\\/butile_official\\\/\"]}]}<\/script>\n<!-- \/ Yoast SEO Premium plugin. -->","yoast_head_json":{"title":"Butile - Augenringe Creme - Butile","robots":{"index":"noindex","follow":"follow","max-snippet":"max-snippet:-1","max-image-preview":"max-image-preview:large","max-video-preview":"max-video-preview:-1"},"og_locale":"de_DE","og_type":"article","og_title":"Butile - Augenringe Creme","og_description":"Creme gegen Augenringe 20ml.    F\u00fcr Frauen &amp; M\u00e4nner  Gegen Augenringe  Gegen Tr\u00e4nens\u00e4cke  Ohne Hormone  Mit hochwertigem Niacinamid","og_url":"https:\/\/butile.com\/de\/produkt\/butile-augenringe-creme\/","og_site_name":"Butile","article_modified_time":"2022-01-17T14:19:56+00:00","og_image":[{"width":800,"height":960,"url":"https:\/\/butile.com\/wp-content\/uploads\/2021\/09\/Augenringe-Creme-Butile-2.jpg","type":"image\/jpeg"}],"twitter_card":"summary_large_image","twitter_misc":{"Gesch\u00e4tzte Lesezeit":"2\u00a0Minuten"},"schema":{"@context":"https:\/\/schema.org","@graph":[{"@type":"WebPage","@id":"https:\/\/butile.com\/de\/produkt\/butile-augenringe-creme\/","url":"https:\/\/butile.com\/de\/produkt\/butile-augenringe-creme\/","name":"Butile - Augenringe Creme - Butile","isPartOf":{"@id":"https:\/\/butile.com\/de\/#website"},"primaryImageOfPage":{"@id":"https:\/\/butile.com\/de\/produkt\/butile-augenringe-creme\/#primaryimage"},"image":{"@id":"https:\/\/butile.com\/de\/produkt\/butile-augenringe-creme\/#primaryimage"},"thumbnailUrl":"https:\/\/butile.com\/wp-content\/uploads\/2021\/09\/Augenringe-Creme-Butile-2.jpg","datePublished":"2021-09-15T09:05:28+00:00","dateModified":"2022-01-17T14:19:56+00:00","breadcrumb":{"@id":"https:\/\/butile.com\/de\/produkt\/butile-augenringe-creme\/#breadcrumb"},"inLanguage":"de","potentialAction":[{"@type":"ReadAction","target":["https:\/\/butile.com\/de\/produkt\/butile-augenringe-creme\/"]}]},{"@type":"ImageObject","inLanguage":"de","@id":"https:\/\/butile.com\/de\/produkt\/butile-augenringe-creme\/#primaryimage","url":"https:\/\/butile.com\/wp-content\/uploads\/2021\/09\/Augenringe-Creme-Butile-2.jpg","contentUrl":"https:\/\/butile.com\/wp-content\/uploads\/2021\/09\/Augenringe-Creme-Butile-2.jpg","width":800,"height":960,"caption":"Butile"},{"@type":"BreadcrumbList","@id":"https:\/\/butile.com\/de\/produkt\/butile-augenringe-creme\/#breadcrumb","itemListElement":[{"@type":"ListItem","position":1,"name":"BUTILE","item":"https:\/\/butile.com\/de\/"},{"@type":"ListItem","position":2,"name":"Shop","item":"https:\/\/butile.com\/de\/shop\/"},{"@type":"ListItem","position":3,"name":"Butile &#8211; Augenringe Creme"}]},{"@type":"WebSite","@id":"https:\/\/butile.com\/de\/#website","url":"https:\/\/butile.com\/de\/","name":"Butile","description":"Creme gegen Augenringe","publisher":{"@id":"https:\/\/butile.com\/de\/#organization"},"potentialAction":[{"@type":"SearchAction","target":{"@type":"EntryPoint","urlTemplate":"https:\/\/butile.com\/de\/?s={search_term_string}"},"query-input":{"@type":"PropertyValueSpecification","valueRequired":true,"valueName":"search_term_string"}}],"inLanguage":"de"},{"@type":"Organization","@id":"https:\/\/butile.com\/de\/#organization","name":"BUTILE","url":"https:\/\/butile.com\/de\/","logo":{"@type":"ImageObject","inLanguage":"de","@id":"https:\/\/butile.com\/de\/#\/schema\/logo\/image\/","url":"https:\/\/butile.com\/wp-content\/uploads\/2021\/09\/cropped-Butile.png","contentUrl":"https:\/\/butile.com\/wp-content\/uploads\/2021\/09\/cropped-Butile.png","width":213,"height":97,"caption":"BUTILE"},"image":{"@id":"https:\/\/butile.com\/de\/#\/schema\/logo\/image\/"},"sameAs":["https:\/\/www.instagram.com\/butile_official\/"]}]}},"uagb_featured_image_src":{"full":["https:\/\/butile.com\/wp-content\/uploads\/2021\/09\/Augenringe-Creme-Butile-2.jpg",800,960,false],"thumbnail":["https:\/\/butile.com\/wp-content\/uploads\/2021\/09\/Augenringe-Creme-Butile-2-150x150.jpg",150,150,true],"medium":["https:\/\/butile.com\/wp-content\/uploads\/2021\/09\/Augenringe-Creme-Butile-2-250x300.jpg",250,300,true],"medium_large":["https:\/\/butile.com\/wp-content\/uploads\/2021\/09\/Augenringe-Creme-Butile-2-768x922.jpg",768,922,true],"large":["https:\/\/butile.com\/wp-content\/uploads\/2021\/09\/Augenringe-Creme-Butile-2.jpg",800,960,false],"1536x1536":["https:\/\/butile.com\/wp-content\/uploads\/2021\/09\/Augenringe-Creme-Butile-2.jpg",800,960,false],"2048x2048":["https:\/\/butile.com\/wp-content\/uploads\/2021\/09\/Augenringe-Creme-Butile-2.jpg",800,960,false],"trp-custom-language-flag":["https:\/\/butile.com\/wp-content\/uploads\/2021\/09\/Augenringe-Creme-Butile-2-10x12.jpg",10,12,true],"woocommerce_thumbnail":["https:\/\/butile.com\/wp-content\/uploads\/2021\/09\/Augenringe-Creme-Butile-2-300x300.jpg",300,300,true],"woocommerce_single":["https:\/\/butile.com\/wp-content\/uploads\/2021\/09\/Augenringe-Creme-Butile-2-600x720.jpg",600,720,true],"woocommerce_gallery_thumbnail":["https:\/\/butile.com\/wp-content\/uploads\/2021\/09\/Augenringe-Creme-Butile-2-100x100.jpg",100,100,true]},"uagb_author_info":{"display_name":"Kerem085","author_link":"https:\/\/butile.com\/de\/author\/"},"uagb_comment_info":0,"uagb_excerpt":"Creme gegen Augenringe 20ml. F\u00fcr Frauen &amp; M\u00e4nner Gegen Augenringe Gegen Tr\u00e4nens\u00e4cke Ohne Hormone Mit hochwertigem Niacinamid","_links":{"self":[{"href":"https:\/\/butile.com\/de\/wp-json\/wp\/v2\/product\/88","targetHints":{"allow":["GET"]}}],"collection":[{"href":"https:\/\/butile.com\/de\/wp-json\/wp\/v2\/product"}],"about":[{"href":"https:\/\/butile.com\/de\/wp-json\/wp\/v2\/types\/product"}],"wp:featuredmedia":[{"embeddable":true,"href":"https:\/\/butile.com\/de\/wp-json\/wp\/v2\/media\/180"}],"wp:attachment":[{"href":"https:\/\/butile.com\/de\/wp-json\/wp\/v2\/media?parent=88"}],"wp:term":[{"taxonomy":"product_brand","embeddable":true,"href":"https:\/\/butile.com\/de\/wp-json\/wp\/v2\/product_brand?post=88"},{"taxonomy":"product_cat","embeddable":true,"href":"https:\/\/butile.com\/de\/wp-json\/wp\/v2\/product_cat?post=88"},{"taxonomy":"product_tag","embeddable":true,"href":"https:\/\/butile.com\/de\/wp-json\/wp\/v2\/product_tag?post=88"}],"curies":[{"name":"wp","href":"https:\/\/api.w.org\/{rel}","templated":true}]}}